{"id":10263,"date":"2024-04-05T10:12:59","date_gmt":"2024-04-05T10:12:59","guid":{"rendered":"https:\/\/loyezwoessen.com\/fr\/?page_id=10263"},"modified":"2024-04-05T10:13:54","modified_gmt":"2024-04-05T10:13:54","slug":"politique-de-confidentialite","status":"publish","type":"page","link":"https:\/\/loyezwoessen.com\/fr\/politique-de-confidentialite\/","title":{"rendered":"Politique de confidentialit\u00e9"},"content":{"rendered":"<p class=\"p1\">Le R\u00e8glement g\u00e9n\u00e9ral sur la protection des donn\u00e9es (RGPD) est, depuis le mois de mai 2018, le cadre europ\u00e9en du traitement et de la circulation des donn\u00e9es \u00e0 caract\u00e8re personnel. La protection des donn\u00e9es \u00e0 caract\u00e8re personnel est \u00e9galement r\u00e9gie par la loi informatique et libert\u00e9 n\u00b078-17 du 6 janvier 1978 modifi\u00e9e. La pr\u00e9sente politique de protection des donn\u00e9es \u00e0 caract\u00e8re personnel vous informe sur la fa\u00e7on dont Loyez Woessen SAS traite vos donn\u00e9es \u00e0 caract\u00e8re personnel en conformit\u00e9 avec le RGPD et la loi informatique et libert\u00e9.<\/p>\n<h3 class=\"p1\">1. \u00c0 qui sont transmises vos donn\u00e9es \u00e0 caract\u00e8re personnel ?<\/h3>\n<p class=\"p1\">Vos donn\u00e9es \u00e0 caract\u00e8re personnel sont trait\u00e9es par Loyez Woessen SAS, Soci\u00e9t\u00e9 par actions simplifi\u00e9e immatricul\u00e9e au Registre du Commerce et des Soci\u00e9t\u00e9s de Lille sous le num\u00e9ro RCS 458500675, dont le si\u00e8ge social se situe\u00a0:<\/p>\n<ul class=\"ul1\">\n<li class=\"li2\">Parc d\u2019activit\u00e9s \u2013 Rue St Patrick 59133 PHALEMPIN,<\/li>\n<li class=\"li2\">03 20 90 55 00<\/li>\n<\/ul>\n<p class=\"p1\">ainsi que toute autre soci\u00e9t\u00e9 appartenant au Groupe Loyez Woessen SAS,<\/p>\n<p class=\"p1\">Vos donn\u00e9es \u00e0 caract\u00e8re personnel sont rendues accessibles aux seules personnes habilit\u00e9es \u00e0 en connaitre au regard de leurs attributions. Vos donn\u00e9es \u00e0 caract\u00e8re personnel sont transmises aux salari\u00e9s de Loyez Woessen SAS en charge de l\u2019administration de la plateforme ainsi qu\u2019aux sous-traitants contractuellement li\u00e9s au responsable de traitement. Vos donn\u00e9es ne sont pas transmises \u00e0 nos partenaires commerciaux sans que vous n\u2019y ayez au pr\u00e9alable \u00e9t\u00e9 inform\u00e9 et sans avoir recueilli au pr\u00e9alable votre consentement.<\/p>\n<h3 class=\"p1\">2. Pourquoi avons-nous besoin de traiter vos donn\u00e9es \u00e0 caract\u00e8re personnel ?<\/h3>\n<p class=\"p1\">Vos donn\u00e9es \u00e0 caract\u00e8re personnel sont trait\u00e9es par Loyez Woessen SAS pour les finalit\u00e9s suivantes :<\/p>\n<ul class=\"ul1\">\n<li class=\"li2\">Vous permettre l\u2019acc\u00e8s et l\u2019utilisation de notre plateforme, avec la meilleure exp\u00e9rience possible et une navigation en ligne de qualit\u00e9.<\/li>\n<li class=\"li2\">Traiter vos demandes de renseignements, r\u00e9clamations ou requ\u00eates, et vous contacter pour y r\u00e9pondre<\/li>\n<li class=\"li2\">G\u00e9rer la relation entre vous et Loyez Woessen SAS : traiter votre participation \u00e0 nos concours, tirages au sort, activit\u00e9s promotionnelles et toute autre demande<\/li>\n<li class=\"li2\">Vous fournir des contenus et services personnalis\u00e9s, en fonction de votre historique de navigation, de vos pr\u00e9f\u00e9rences et centres d\u2019int\u00e9r\u00eats<\/li>\n<li class=\"li2\">Vous interroger sur nos produits, et mieux cerner et mesurer vos points d\u2019int\u00e9r\u00eat et les envies des consommateurs en vue d\u2019am\u00e9liorer nos plateformes digitales (site internet, application, r\u00e9seaux sociaux), nos m\u00e9thodes de communication et\/ou d\u00e9velopper de nouveaux produits et services<\/li>\n<li class=\"li2\">D\u00e9velopper et am\u00e9liorer nos produits, services, m\u00e9thodes de communication et la fonctionnalit\u00e9 de nos sites internet, applications, services<\/li>\n<\/ul>\n<p class=\"p1\">Loyez Woessen SAS veille \u00e0 ne collecter et ne traiter que des donn\u00e9es strictement n\u00e9cessaires au regard de la finalit\u00e9 pour laquelle elles sont trait\u00e9es.<\/p>\n<p class=\"p1\">Ce traitement a pour base l\u00e9gale votre consentement. Vous pouvez retirer votre consentement conform\u00e9ment \u00e0 votre droit de retrait ci-apr\u00e8s d\u00e9crit.<\/p>\n<h3 class=\"p1\">3. Pendant combien de temps vos donn\u00e9es sont-elles conserv\u00e9es ?<\/h3>\n<p class=\"p1\">Les donn\u00e9es permettant l\u2019identification et le ciblage des enqu\u00eates (email, profil) sont conserv\u00e9es sur la plateforme jusqu\u2019\u00e0 la d\u00e9sinscription, suite \u00e0 laquelle elles seront d\u00e9finitivement supprim\u00e9es. Toutefois, si votre compte est inactif pendant un d\u00e9lai de deux ans, vous en serez inform\u00e9 par Loyez Woessen SAS et si vous ne r\u00e9agissez pas dans le d\u00e9lai communiqu\u00e9 par Loyez Woessen SAS, vos donn\u00e9es seront supprim\u00e9es.<\/p>\n<p class=\"p1\">Les r\u00e9ponses aux enqu\u00eates r\u00e9alis\u00e9es par Loyez Woessen SAS sont conserv\u00e9es pendant une dur\u00e9e de 3 ans, pass\u00e9 ce d\u00e9lai ces donn\u00e9es sont supprim\u00e9es.<\/p>\n<p class=\"p1\">Cependant, ces dur\u00e9es de conservation peuvent \u00eatre \u00e9tendues ou raccourcies si\u00a0:<\/p>\n<ul class=\"ul1\">\n<li class=\"li2\">Vous exercez, dans les conditions pr\u00e9vues ci-apr\u00e8s, l\u2019un des droits qui vous sont reconnus\u00a0;<\/li>\n<li class=\"li2\">Une dur\u00e9e de conservation plus longue est autoris\u00e9e ou impos\u00e9e en vertu d\u2019une disposition l\u00e9gale ou r\u00e8glementaire ou pour assurer la sauvegarde de nos droits.<\/li>\n<\/ul>\n<h3 class=\"p1\">4. Quels sont les droits dont vous disposez ?<\/h3>\n<p class=\"p1\">Vous disposez :<\/p>\n<ul class=\"ul1\">\n<li class=\"li2\">D\u2019un\u00a0<b>droit d\u2019acc\u00e8s<\/b>, qui vous permet d\u2019obtenir :\n<ul class=\"ul1\">\n<li class=\"li2\">La confirmation que des donn\u00e9es vous concernant sont ou ne sont pas trait\u00e9es ;<\/li>\n<li class=\"li2\">La communication d\u2019une copie de l\u2019ensemble des donn\u00e9es \u00e0 caract\u00e8re personnel d\u00e9tenues par le responsable de traitement.<\/li>\n<\/ul>\n<\/li>\n<\/ul>\n<p class=\"p1\">Ce droit concerne l\u2019ensemble des donn\u00e9es qui font ou non l\u2019objet d\u2019un traitement de la part des responsables de traitement.<\/p>\n<ul class=\"ul1\">\n<li class=\"li2\">D\u2019un\u00a0<b>droit de demander la portabilit\u00e9\u00a0<\/b>de certaines donn\u00e9es : il vous permet de r\u00e9cup\u00e9rer vos donn\u00e9es \u00e0 caract\u00e8re personnel dans un format structur\u00e9, couramment utilis\u00e9 et lisible par une machine. Il s\u2019applique aux seules donn\u00e9es fournies de mani\u00e8re active, par exemple en remplissant un formulaire, en r\u00e9pondant \u00e0 une enqu\u00eate et qui sont trait\u00e9es de mani\u00e8re automatis\u00e9es.<\/li>\n<li class=\"li2\">D\u2019un\u00a0<b>droit de retrait du consentement\u00a0<\/b>: le retrait de votre consentement au traitement de vos donn\u00e9es \u00e0 caract\u00e8re personnel, donn\u00e9 lors de votre inscription \u00e0 la plateforme, entra\u00eene votre d\u00e9sinscription imm\u00e9diate \u00e0 la plateforme. Vous n\u2019aurez donc plus acc\u00e8s \u00e0 la plateforme et l\u2019ensemble de vos donn\u00e9es \u00e0 caract\u00e8re personnel seront supprim\u00e9es de fa\u00e7on imm\u00e9diate.<\/li>\n<li class=\"li2\">D\u2019un\u00a0<b>droit de rectification\u00a0<\/b>: il vous permet de faire rectifier une information vous concernant lorsque celle-ci est obsol\u00e8te ou erron\u00e9e. Il vous permet \u00e9galement de faire compl\u00e9ter des informations incompl\u00e8tes vous concernant.<\/li>\n<li class=\"li2\">D\u2019un\u00a0<b>droit d\u2019effacement\u00a0<\/b>: il vous permet d\u2019obtenir l\u2019effacement de vos donn\u00e9es \u00e0 caract\u00e8re personnel sous r\u00e9serve des dur\u00e9es l\u00e9gales de conservation. Il peut notamment trouver \u00e0 s\u2019appliquer dans le cas o\u00f9 vos donn\u00e9es ne seraient plus n\u00e9cessaires au traitement.<\/li>\n<li class=\"li2\">D\u2019un\u00a0<b>droit de limitation\u00a0<\/b>: il vous permet de limiter le traitement de vos donn\u00e9es dans les cas suivants:<\/li>\n<li class=\"li2\">En cas d\u2019usage illicite de vos donn\u00e9es ;<\/li>\n<li class=\"li2\">Si vous contestez l\u2019exactitude de vos celles-ci ;<\/li>\n<li class=\"li2\">S\u2019il vous est n\u00e9cessaire de disposer des donn\u00e9es pour constater, exercer ou d\u00e9fendre vos droits.<\/li>\n<\/ul>\n<p class=\"p1\">Elles ne feront alors plus l\u2019objet d\u2019un traitement actif, et ne pourront pas \u00eatre modifi\u00e9es pendant la dur\u00e9e de l\u2019exercice de ce droit.<\/p>\n<p class=\"p1\">L\u2019ensemble de ces droits peuvent s\u2019exercer en nous contactant directement au 03 20 90 55 00<\/p>\n<h3 class=\"p1\">6. S\u00e9curit\u00e9 de vos donn\u00e9es<\/h3>\n<p class=\"p1\">Loyez Woessen SAS met en \u0153uvre les mesures techniques et organisationnelles appropri\u00e9es pour assurer la s\u00e9curit\u00e9 de vos donn\u00e9es conform\u00e9ment \u00e0 la r\u00e8glementation applicable.\u00a0 Dans ce cadre, elle met en \u0153uvre les pr\u00e9cautions et mesures n\u00e9cessaires contre\u00a0tout acc\u00e8s et utilisation non autoris\u00e9e des donn\u00e9es, la perte accidentelle ou le vol de donn\u00e9es, la destruction ou l\u2019alt\u00e9ration des donn\u00e9es et de mani\u00e8re g\u00e9n\u00e9rale, tout dommage pouvant affecter ces donn\u00e9es.<\/p>\n","protected":false},"excerpt":{"rendered":"<p>Le R\u00e8glement g\u00e9n\u00e9ral sur la protection des donn\u00e9es (RGPD) est, depuis le mois de mai 2018, le cadre [&hellip;]<\/p>\n","protected":false},"author":10,"featured_media":0,"parent":0,"menu_order":0,"comment_status":"closed","ping_status":"closed","template":"","meta":{"_acf_changed":false,"footnotes":""},"class_list":["post-10263","page","type-page","status-publish","hentry"],"acf":[],"_links":{"self":[{"href":"https:\/\/loyezwoessen.com\/fr\/wp-json\/wp\/v2\/pages\/10263","targetHints":{"allow":["GET"]}}],"collection":[{"href":"https:\/\/loyezwoessen.com\/fr\/wp-json\/wp\/v2\/pages"}],"about":[{"href":"https:\/\/loyezwoessen.com\/fr\/wp-json\/wp\/v2\/types\/page"}],"author":[{"embeddable":true,"href":"https:\/\/loyezwoessen.com\/fr\/wp-json\/wp\/v2\/users\/10"}],"replies":[{"embeddable":true,"href":"https:\/\/loyezwoessen.com\/fr\/wp-json\/wp\/v2\/comments?post=10263"}],"version-history":[{"count":2,"href":"https:\/\/loyezwoessen.com\/fr\/wp-json\/wp\/v2\/pages\/10263\/revisions"}],"predecessor-version":[{"id":10265,"href":"https:\/\/loyezwoessen.com\/fr\/wp-json\/wp\/v2\/pages\/10263\/revisions\/10265"}],"wp:attachment":[{"href":"https:\/\/loyezwoessen.com\/fr\/wp-json\/wp\/v2\/media?parent=10263"}],"curies":[{"name":"wp","href":"https:\/\/api.w.org\/{rel}","templated":true}]}}